{"id":1772,"date":"2020-01-29T00:01:34","date_gmt":"2020-01-28T17:01:34","guid":{"rendered":"https:\/\/ncccatering.com\/international-cocktail-menu\/"},"modified":"2020-04-13T02:22:43","modified_gmt":"2020-04-12T19:22:43","slug":"international-cocktail-menu","status":"publish","type":"page","link":"https:\/\/ncccatering.com\/th\/menus\/international-cocktail-menu\/","title":{"rendered":"\u0e40\u0e21\u0e19\u0e39 Cocktail \u0e2d\u0e32\u0e2b\u0e32\u0e23\u0e19\u0e32\u0e19\u0e32\u0e0a\u0e32\u0e15\u0e34"},"content":{"rendered":"<p>[vc_row css_animation=&#8221;&#8221; row_type=&#8221;row&#8221; use_row_as_full_screen_section=&#8221;no&#8221; type=&#8221;full_width&#8221; angled_section=&#8221;no&#8221; text_align=&#8221;right&#8221; background_image_as_pattern=&#8221;without_pattern&#8221; z_index=&#8221;&#8221; css=&#8221;.vc_custom_1580228859949{padding-top: 120px !important;}&#8221;][vc_column][vc_column_text]<\/p>\n<h1 class=\"qode-headings\" style=\"font-size: 366px;\"><span style=\"color: #ede7e3;\">Platinum<\/span><\/h1>\n<p>[\/vc_column_text][\/vc_column][\/vc_row][vc_row css_animation=&#8221;&#8221; row_type=&#8221;row&#8221; use_row_as_full_screen_section=&#8221;no&#8221; type=&#8221;grid&#8221; angled_section=&#8221;no&#8221; text_align=&#8221;center&#8221; background_image_as_pattern=&#8221;without_pattern&#8221; padding_top=&#8221;125&#8243; z_index=&#8221;&#8221; css=&#8221;.vc_custom_1580161910706{background-image: url(https:\/\/ncccatering.samesameservers.com\/wp-content\/uploads\/2018\/06\/background-img-1.jpg?id=36) !important;}&#8221;][vc_column css=&#8221;.vc_custom_1580162095253{margin-top: -13% !important;}&#8221;][vc_row_inner row_type=&#8221;row&#8221; type=&#8221;grid&#8221; text_align=&#8221;left&#8221; css_animation=&#8221;&#8221;][vc_column_inner width=&#8221;1\/2&#8243;][vc_empty_space]<div class=\"qode-advanced-image-gallery  qode-aig-slider-type qode-no-space   \">\n\t<div class=\"qode-aig-slider qode-owl-slider\" data-number-of-items=\"1\" data-enable-loop=\"yes\" data-enable-autoplay=\"yes\" data-slider-speed=\"5000\" data-slider-speed-animation=\"600\" data-slider-padding=\"no\" data-enable-navigation=\"no\" data-enable-pagination=\"no\">\n\t\t\t\t\t<div class=\"qode-aig-image\">\n\t\t\t\t\t\t\t\t\t<img loading=\"lazy\" decoding=\"async\" width=\"800\" height=\"960\" src=\"https:\/\/ncccatering.com\/wp-content\/uploads\/2020\/01\/Cocktail-800x960-RR.jpg\" class=\"attachment-full size-full\" alt=\"\" srcset=\"https:\/\/ncccatering.com\/wp-content\/uploads\/2020\/01\/Cocktail-800x960-RR.jpg 800w, https:\/\/ncccatering.com\/wp-content\/uploads\/2020\/01\/Cocktail-800x960-RR-250x300.jpg 250w, https:\/\/ncccatering.com\/wp-content\/uploads\/2020\/01\/Cocktail-800x960-RR-768x922.jpg 768w, https:\/\/ncccatering.com\/wp-content\/uploads\/2020\/01\/Cocktail-800x960-RR-700x840.jpg 700w\" sizes=\"(max-width: 800px) 100vw, 800px\" \/>\t\t\t\t\t<span class=\"aig-gallery-hover\">\n\t\t\t\t\t\t\t\t\t\t\t<\/span>\n\t\t\t\t\t\t\t<\/div>\n\t\t\t\t\t<div class=\"qode-aig-image\">\n\t\t\t\t\t\t\t\t\t<img loading=\"lazy\" decoding=\"async\" width=\"800\" height=\"960\" src=\"https:\/\/ncccatering.com\/wp-content\/uploads\/2020\/01\/Cocktail-800x960-MM.jpg\" class=\"attachment-full size-full\" alt=\"\" srcset=\"https:\/\/ncccatering.com\/wp-content\/uploads\/2020\/01\/Cocktail-800x960-MM.jpg 800w, https:\/\/ncccatering.com\/wp-content\/uploads\/2020\/01\/Cocktail-800x960-MM-250x300.jpg 250w, https:\/\/ncccatering.com\/wp-content\/uploads\/2020\/01\/Cocktail-800x960-MM-768x922.jpg 768w, https:\/\/ncccatering.com\/wp-content\/uploads\/2020\/01\/Cocktail-800x960-MM-700x840.jpg 700w\" sizes=\"(max-width: 800px) 100vw, 800px\" \/>\t\t\t\t\t<span class=\"aig-gallery-hover\">\n\t\t\t\t\t\t\t\t\t\t\t<\/span>\n\t\t\t\t\t\t\t<\/div>\n\t\t\t\t\t<div class=\"qode-aig-image\">\n\t\t\t\t\t\t\t\t\t<img loading=\"lazy\" decoding=\"async\" width=\"800\" height=\"960\" src=\"https:\/\/ncccatering.com\/wp-content\/uploads\/2020\/01\/Cocktail-800x960-NN.jpg\" class=\"attachment-full size-full\" alt=\"\" srcset=\"https:\/\/ncccatering.com\/wp-content\/uploads\/2020\/01\/Cocktail-800x960-NN.jpg 800w, https:\/\/ncccatering.com\/wp-content\/uploads\/2020\/01\/Cocktail-800x960-NN-250x300.jpg 250w, https:\/\/ncccatering.com\/wp-content\/uploads\/2020\/01\/Cocktail-800x960-NN-768x922.jpg 768w, https:\/\/ncccatering.com\/wp-content\/uploads\/2020\/01\/Cocktail-800x960-NN-700x840.jpg 700w\" sizes=\"(max-width: 800px) 100vw, 800px\" \/>\t\t\t\t\t<span class=\"aig-gallery-hover\">\n\t\t\t\t\t\t\t\t\t\t\t<\/span>\n\t\t\t\t\t\t\t<\/div>\n\t\t\t<\/div>\n<\/div>[vc_empty_space][vc_column_text]<\/p>\n<h3 style=\"text-align: center;\">Platinum Package<\/h3>\n<h3 style=\"text-align: center;\">Cocktail \u0e2d\u0e32\u0e2b\u0e32\u0e23\u0e19\u0e32\u0e19\u0e32\u0e0a\u0e32\u0e15\u0e34 Menu A<\/h3>\n<p>[\/vc_column_text][vc_empty_space height=&#8221;13px&#8221;][vc_single_image image=&#8221;390&#8243; img_size=&#8221;full&#8221; alignment=&#8221;center&#8221; qode_css_animation=&#8221;&#8221;][vc_empty_space height=&#8221;17px&#8221;][vc_column_text css=&#8221;.vc_custom_1580286265636{padding-right: 20px !important;padding-left: 20px !important;}&#8221;]<strong>Assortment of Dips and Crackers:<\/strong><br \/>\n\u0e1c\u0e31\u0e01\u0e2a\u0e14\u0e01\u0e31\u0e1a\u0e0b\u0e2d\u0e2a \/ Vegetable Crudities with Chili Pepper Dip<br \/>\n\u0e02\u0e49\u0e32\u0e27\u0e42\u0e1e\u0e14\u0e41\u0e1c\u0e48\u0e19\u0e17\u0e2d\u0e14\u2028 \/ Toasted Corn Chips with Tomato Salsa and Jalapeno Dip<br \/>\n\u0e21\u0e31\u0e19\u0e1d\u0e23\u0e31\u0e48\u0e07\u0e17\u0e2d\u0e14 \/ Deep-fried Potato Chips<\/p>\n<p><strong>Cold Canape\u2019s:<\/strong><br \/>\n\u0e1b\u0e25\u0e32\u0e2d\u0e34\u0e19\u0e17\u0e23\u0e35\u0e01\u0e31\u0e1a\u0e40\u0e04\u0e40\u0e1b\u0e2d\u0e23\u0e4c \/ Smoked Mackerel with Capers<br \/>\n\u0e04\u0e32\u0e19\u0e32\u0e40\u0e1b\u0e49\u0e17\u0e39\u0e19\u0e48\u0e32\u0e21\u0e39\u0e2a \/ Tuna Mousse Canape&#8217;<br \/>\n\u0e2d\u0e01\u0e44\u0e01\u0e48\u0e22\u0e48\u0e32\u0e07\u0e0b\u0e2d\u0e2a\u0e2a\u0e49\u0e21 \/ Roasted Chicken Breast and Orange<\/p>\n<p><strong>Hot Canape\u2019s:<\/strong><br \/>\n\u0e21\u0e34\u0e19\u0e34\u0e1e\u0e34\u0e0b\u0e0b\u0e48\u0e32 \/ Mini Pizza with Cheese and Mushroom<br \/>\n\u0e04\u0e34\u0e0a\u0e0a\u0e35\u0e2a\u0e41\u0e25\u0e30\u0e2b\u0e31\u0e27\u0e2b\u0e2d\u0e21 \/ Cheese and Onion Quiche<br \/>\n\u0e2a\u0e30\u0e40\u0e15\u0e4a\u0e30\u0e2b\u0e21\u0e39, \u0e44\u0e01\u0e48 \/ Chicken and Pork Satay<br \/>\n\u0e02\u0e19\u0e21\u0e1b\u0e31\u0e07\u0e2b\u0e19\u0e49\u0e32\u0e2b\u0e21\u0e39 \/ Deep-fried Minced Pork on Toast<\/p>\n<p><strong>Desserts:<\/strong><br \/>\n\u0e21\u0e34\u0e19\u0e34\u0e04\u0e23\u0e35\u0e21\u0e1a\u0e25\u0e39\u0e40\u0e25\u0e48 \/ Mini Cr\u00e8me Br\u00fbl\u00e9e<br \/>\n\u0e17\u0e32\u0e23\u0e4c\u0e40\u0e25\u0e47\u0e15\u0e1c\u0e25\u0e44\u0e21\u0e49\u0e0a\u0e19\u0e34\u0e14\u0e15\u0e48\u0e32\u0e07\u0e46 \/ Assorted Fruit Tartlets<br \/>\n\u0e1c\u0e25\u0e44\u0e21\u0e49\u0e15\u0e32\u0e21\u0e24\u0e14\u0e39\u0e01\u0e32\u0e25 \/ Assorted Sliced Tropical Fresh Fruits[\/vc_column_text][\/vc_column_inner][vc_column_inner width=&#8221;1\/2&#8243;][vc_empty_space]<div class=\"qode-advanced-image-gallery  qode-aig-slider-type qode-no-space   \">\n\t<div class=\"qode-aig-slider qode-owl-slider\" data-number-of-items=\"1\" data-enable-loop=\"yes\" data-enable-autoplay=\"yes\" data-slider-speed=\"5000\" data-slider-speed-animation=\"600\" data-slider-padding=\"no\" data-enable-navigation=\"no\" data-enable-pagination=\"no\">\n\t\t\t\t\t<div class=\"qode-aig-image\">\n\t\t\t\t\t\t\t\t\t<img loading=\"lazy\" decoding=\"async\" width=\"800\" height=\"960\" src=\"https:\/\/ncccatering.com\/wp-content\/uploads\/2020\/01\/Cocktail-800x960-O.jpg\" class=\"attachment-full size-full\" alt=\"\" srcset=\"https:\/\/ncccatering.com\/wp-content\/uploads\/2020\/01\/Cocktail-800x960-O.jpg 800w, https:\/\/ncccatering.com\/wp-content\/uploads\/2020\/01\/Cocktail-800x960-O-250x300.jpg 250w, https:\/\/ncccatering.com\/wp-content\/uploads\/2020\/01\/Cocktail-800x960-O-768x922.jpg 768w, https:\/\/ncccatering.com\/wp-content\/uploads\/2020\/01\/Cocktail-800x960-O-700x840.jpg 700w\" sizes=\"(max-width: 800px) 100vw, 800px\" \/>\t\t\t\t\t<span class=\"aig-gallery-hover\">\n\t\t\t\t\t\t\t\t\t\t\t<\/span>\n\t\t\t\t\t\t\t<\/div>\n\t\t\t\t\t<div class=\"qode-aig-image\">\n\t\t\t\t\t\t\t\t\t<img loading=\"lazy\" decoding=\"async\" width=\"800\" height=\"960\" src=\"https:\/\/ncccatering.com\/wp-content\/uploads\/2020\/01\/Cocktail-800x960-P.jpg\" class=\"attachment-full size-full\" alt=\"\" srcset=\"https:\/\/ncccatering.com\/wp-content\/uploads\/2020\/01\/Cocktail-800x960-P.jpg 800w, https:\/\/ncccatering.com\/wp-content\/uploads\/2020\/01\/Cocktail-800x960-P-250x300.jpg 250w, https:\/\/ncccatering.com\/wp-content\/uploads\/2020\/01\/Cocktail-800x960-P-768x922.jpg 768w, https:\/\/ncccatering.com\/wp-content\/uploads\/2020\/01\/Cocktail-800x960-P-700x840.jpg 700w\" sizes=\"(max-width: 800px) 100vw, 800px\" \/>\t\t\t\t\t<span class=\"aig-gallery-hover\">\n\t\t\t\t\t\t\t\t\t\t\t<\/span>\n\t\t\t\t\t\t\t<\/div>\n\t\t\t\t\t<div class=\"qode-aig-image\">\n\t\t\t\t\t\t\t\t\t<img loading=\"lazy\" decoding=\"async\" width=\"800\" height=\"960\" src=\"https:\/\/ncccatering.com\/wp-content\/uploads\/2020\/01\/Cocktail-800x960-N.jpg\" class=\"attachment-full size-full\" alt=\"\" srcset=\"https:\/\/ncccatering.com\/wp-content\/uploads\/2020\/01\/Cocktail-800x960-N.jpg 800w, https:\/\/ncccatering.com\/wp-content\/uploads\/2020\/01\/Cocktail-800x960-N-250x300.jpg 250w, https:\/\/ncccatering.com\/wp-content\/uploads\/2020\/01\/Cocktail-800x960-N-768x922.jpg 768w, https:\/\/ncccatering.com\/wp-content\/uploads\/2020\/01\/Cocktail-800x960-N-700x840.jpg 700w\" sizes=\"(max-width: 800px) 100vw, 800px\" \/>\t\t\t\t\t<span class=\"aig-gallery-hover\">\n\t\t\t\t\t\t\t\t\t\t\t<\/span>\n\t\t\t\t\t\t\t<\/div>\n\t\t\t<\/div>\n<\/div>[vc_empty_space][vc_column_text]<\/p>\n<h3 style=\"text-align: center;\">Platinum Package<\/h3>\n<h3 style=\"text-align: center;\">Cocktail \u0e2d\u0e32\u0e2b\u0e32\u0e23\u0e19\u0e32\u0e19\u0e32\u0e0a\u0e32\u0e15\u0e34 Menu B<\/h3>\n<p>[\/vc_column_text][vc_empty_space height=&#8221;13px&#8221;][vc_single_image image=&#8221;390&#8243; img_size=&#8221;full&#8221; alignment=&#8221;center&#8221; qode_css_animation=&#8221;&#8221;][vc_empty_space height=&#8221;17px&#8221;][vc_column_text css=&#8221;.vc_custom_1580286595378{padding-right: 20px !important;padding-left: 20px !important;}&#8221;]<strong>Assortment of Dips and Crackers:<\/strong><br \/>\n\u0e1c\u0e31\u0e01\u0e2a\u0e14\u0e01\u0e31\u0e1a\u0e0b\u0e2d\u0e2a \/ Vegetable Crudities with Chili Pepper Dip<br \/>\n\u0e02\u0e49\u0e32\u0e27\u0e42\u0e1e\u0e14\u0e41\u0e1c\u0e48\u0e19\u0e17\u0e2d\u0e14 \/ Toasted Corn Chips with Tomato Salsa and Jalapeno Dip<br \/>\n\u0e21\u0e31\u0e19\u0e1d\u0e23\u0e31\u0e48\u0e07\u0e17\u0e2d\u0e14 \/ Deep-fried Potato Chips<\/p>\n<p><strong>Cold Canape\u2019s:<\/strong><br \/>\n\u0e41\u0e0b\u0e25\u0e21\u0e2d\u0e19\u0e23\u0e21\u0e04\u0e27\u0e31\u0e19\u0e01\u0e31\u0e1a\u0e44\u0e02\u0e48\u0e01\u0e38\u0e49\u0e07 \/ Smoked Salmon with Shrimp Roe<br \/>\n\u0e01\u0e38\u0e49\u0e07\u0e21\u0e49\u0e27\u0e19\u0e01\u0e31\u0e1a\u0e21\u0e32\u0e22\u0e2d\u0e07\u0e40\u0e19\u0e2a \/ Marinated Shrimp Roll with Mayonnaise<br \/>\n\u0e1e\u0e32\u0e23\u0e4c\u0e21\u0e32\u0e41\u0e2e\u0e21\u0e41\u0e25\u0e30\u0e41\u0e15\u0e07 \/ Parma Ham and Melon Skewers<\/p>\n<p><strong>Hot Canape\u2019s:<\/strong><br \/>\n\u0e44\u0e01\u0e48\u0e0a\u0e35\u0e2a\u0e01\u0e2d\u0e23\u0e4c\u0e14\u0e2d\u0e19\u0e01\u0e31\u0e1a\u0e21\u0e32\u0e22\u0e2d\u0e07\u0e40\u0e19\u0e2a\u0e21\u0e31\u0e2a\u0e15\u0e32\u0e23\u0e4c\u0e14\u2028 \/ Chicken Cheese Cordon Blue with Mustard Mayonnaise<br \/>\n\u0e21\u0e34\u0e19\u0e34\u0e1e\u0e34\u0e2a\u0e0b\u0e48\u0e32\u0e40\u0e1b\u0e47\u0e1b\u0e40\u0e1b\u0e2d\u0e23\u0e4c\u0e42\u0e23\u0e19\u0e35 \/ Mini Pepperoni, Black Olives and Sun Dried Tomato Pizzas<br \/>\n\u0e44\u0e01\u0e48\u0e1a\u0e32\u0e23\u0e4c\u0e1a\u0e35\u0e04\u0e34\u0e27\u0e01\u0e31\u0e1a\u0e40\u0e1e\u0e23\u0e2a\u0e42\u0e15\u0e49 \/ Barbecued Marinaise Chicken with Pesto Dip<br \/>\n\u0e1b\u0e2d\u0e40\u0e1b\u0e35\u0e4a\u0e22\u0e30\u0e1c\u0e31\u0e01\u0e17\u0e2d\u0e14 \/ Deep-fried Vegetable Spring Rolls<\/p>\n<p><strong>Desserts:<\/strong><br \/>\n\u0e21\u0e34\u0e19\u0e34\u0e04\u0e23\u0e35\u0e21\u0e1a\u0e25\u0e39\u0e40\u0e25\u0e48 \/ Mini Cr\u00e8me Br\u00fbl\u00e9e<br \/>\n\u0e17\u0e32\u0e23\u0e4c\u0e15\u0e40\u0e25\u0e47\u0e15\u0e1c\u0e25\u0e44\u0e21\u0e49 \/ Assorted Fruit Tartlets<br \/>\n\u0e1c\u0e25\u0e44\u0e21\u0e49\u0e15\u0e32\u0e21\u0e24\u0e14\u0e39\u0e01\u0e32\u0e25 \/ Assorted Sliced Tropical Fresh Fruits[\/vc_column_text][\/vc_column_inner][\/vc_row_inner][\/vc_column][\/vc_row][vc_row css_animation=&#8221;&#8221; row_type=&#8221;row&#8221; use_row_as_full_screen_section=&#8221;no&#8221; type=&#8221;full_width&#8221; angled_section=&#8221;no&#8221; text_align=&#8221;left&#8221; background_image_as_pattern=&#8221;without_pattern&#8221; z_index=&#8221;&#8221; css=&#8221;.vc_custom_1580162277332{padding-top: 120px !important;}&#8221;][vc_column][vc_column_text]<\/p>\n<h1 class=\"qode-headings\" style=\"font-size: 366px;\"><span style=\"color: #ede7e3;\">Gold<\/span><\/h1>\n<p>[\/vc_column_text][\/vc_column][\/vc_row][vc_row css_animation=&#8221;&#8221; row_type=&#8221;row&#8221; use_row_as_full_screen_section=&#8221;no&#8221; type=&#8221;grid&#8221; angled_section=&#8221;no&#8221; text_align=&#8221;center&#8221; background_image_as_pattern=&#8221;without_pattern&#8221; padding_top=&#8221;125&#8243; z_index=&#8221;&#8221; css=&#8221;.vc_custom_1580162708262{background-image: url(https:\/\/ncccatering.com\/wp-content\/uploads\/2020\/01\/Services-BG-B-1920&#215;1080.jpg?id=616) !important;}&#8221; padding_bottom=&#8221;125&#8243;][vc_column css=&#8221;.vc_custom_1580162212069{margin-top: -13% !important;}&#8221;][vc_row_inner row_type=&#8221;row&#8221; type=&#8221;grid&#8221; text_align=&#8221;left&#8221; css_animation=&#8221;&#8221;][vc_column_inner width=&#8221;1\/2&#8243;][vc_empty_space]<div class=\"qode-advanced-image-gallery  qode-aig-slider-type qode-no-space   \">\n\t<div class=\"qode-aig-slider qode-owl-slider\" data-number-of-items=\"1\" data-enable-loop=\"yes\" data-enable-autoplay=\"yes\" data-slider-speed=\"5000\" data-slider-speed-animation=\"600\" data-slider-padding=\"no\" data-enable-navigation=\"no\" data-enable-pagination=\"no\">\n\t\t\t\t\t<div class=\"qode-aig-image\">\n\t\t\t\t\t\t\t\t\t<img loading=\"lazy\" decoding=\"async\" width=\"800\" height=\"960\" src=\"https:\/\/ncccatering.com\/wp-content\/uploads\/2020\/01\/Cocktail-800x960-A.jpg\" class=\"attachment-full size-full\" alt=\"\" srcset=\"https:\/\/ncccatering.com\/wp-content\/uploads\/2020\/01\/Cocktail-800x960-A.jpg 800w, https:\/\/ncccatering.com\/wp-content\/uploads\/2020\/01\/Cocktail-800x960-A-250x300.jpg 250w, https:\/\/ncccatering.com\/wp-content\/uploads\/2020\/01\/Cocktail-800x960-A-768x922.jpg 768w, https:\/\/ncccatering.com\/wp-content\/uploads\/2020\/01\/Cocktail-800x960-A-700x840.jpg 700w\" sizes=\"(max-width: 800px) 100vw, 800px\" \/>\t\t\t\t\t<span class=\"aig-gallery-hover\">\n\t\t\t\t\t\t\t\t\t\t\t<\/span>\n\t\t\t\t\t\t\t<\/div>\n\t\t\t\t\t<div class=\"qode-aig-image\">\n\t\t\t\t\t\t\t\t\t<img loading=\"lazy\" decoding=\"async\" width=\"800\" height=\"960\" src=\"https:\/\/ncccatering.com\/wp-content\/uploads\/2020\/01\/Cocktail-800x960-BB.jpg\" class=\"attachment-full size-full\" alt=\"\" srcset=\"https:\/\/ncccatering.com\/wp-content\/uploads\/2020\/01\/Cocktail-800x960-BB.jpg 800w, https:\/\/ncccatering.com\/wp-content\/uploads\/2020\/01\/Cocktail-800x960-BB-250x300.jpg 250w, https:\/\/ncccatering.com\/wp-content\/uploads\/2020\/01\/Cocktail-800x960-BB-768x922.jpg 768w, https:\/\/ncccatering.com\/wp-content\/uploads\/2020\/01\/Cocktail-800x960-BB-700x840.jpg 700w\" sizes=\"(max-width: 800px) 100vw, 800px\" \/>\t\t\t\t\t<span class=\"aig-gallery-hover\">\n\t\t\t\t\t\t\t\t\t\t\t<\/span>\n\t\t\t\t\t\t\t<\/div>\n\t\t\t\t\t<div class=\"qode-aig-image\">\n\t\t\t\t\t\t\t\t\t<img loading=\"lazy\" decoding=\"async\" width=\"800\" height=\"960\" src=\"https:\/\/ncccatering.com\/wp-content\/uploads\/2020\/01\/Cocktail-800x960-CC.jpg\" class=\"attachment-full size-full\" alt=\"\" srcset=\"https:\/\/ncccatering.com\/wp-content\/uploads\/2020\/01\/Cocktail-800x960-CC.jpg 800w, https:\/\/ncccatering.com\/wp-content\/uploads\/2020\/01\/Cocktail-800x960-CC-250x300.jpg 250w, https:\/\/ncccatering.com\/wp-content\/uploads\/2020\/01\/Cocktail-800x960-CC-768x922.jpg 768w, https:\/\/ncccatering.com\/wp-content\/uploads\/2020\/01\/Cocktail-800x960-CC-700x840.jpg 700w\" sizes=\"(max-width: 800px) 100vw, 800px\" \/>\t\t\t\t\t<span class=\"aig-gallery-hover\">\n\t\t\t\t\t\t\t\t\t\t\t<\/span>\n\t\t\t\t\t\t\t<\/div>\n\t\t\t<\/div>\n<\/div>[vc_empty_space][vc_column_text]<\/p>\n<h3 style=\"text-align: center;\">Gold Package<\/h3>\n<h3 style=\"text-align: center;\">Cocktail \u0e2d\u0e32\u0e2b\u0e32\u0e23\u0e19\u0e32\u0e19\u0e32\u0e0a\u0e32\u0e15\u0e34 Menu A<\/h3>\n<p>[\/vc_column_text][vc_empty_space height=&#8221;13px&#8221;][vc_single_image image=&#8221;390&#8243; img_size=&#8221;full&#8221; alignment=&#8221;center&#8221; qode_css_animation=&#8221;&#8221;][vc_empty_space height=&#8221;17px&#8221;][vc_column_text css=&#8221;.vc_custom_1580286806955{padding-right: 20px !important;padding-left: 20px !important;}&#8221;]<strong>Cold Canape\u2019s:<\/strong><br \/>\n\u0e1b\u0e25\u0e32\u0e2d\u0e34\u0e19\u0e17\u0e23\u0e35\u0e01\u0e31\u0e1a\u0e40\u0e04\u0e40\u0e1b\u0e2d\u0e23\u0e4c \/ Smoked Mackerel with Capers<br \/>\n\u0e2d\u0e01\u0e44\u0e01\u0e48\u0e22\u0e48\u0e32\u0e07\u0e0b\u0e2d\u0e2a\u0e2a\u0e49\u0e21 \/\u2028 Roasted Chicken Breast and Orange<\/p>\n<p><strong>Hot Canape\u2019s:<\/strong><br \/>\n\u0e21\u0e34\u0e19\u0e34\u0e1e\u0e34\u0e0b\u0e0b\u0e48\u0e32\u0e40\u0e2b\u0e47\u0e14\u0e41\u0e25\u0e30\u0e0a\u0e35\u0e2a \/ Mini Pizza with Cheese and Mushroom<br \/>\n\u0e04\u0e34\u0e0a\u0e0a\u0e35\u0e2a\u0e41\u0e25\u0e30\u0e2b\u0e31\u0e27\u0e2b\u0e2d\u0e21 \/\u2028 Cheese and Onion Quiche<br \/>\n\u0e2a\u0e30\u0e40\u0e15\u0e4a\u0e30\u0e44\u0e01\u0e48 \/ Chicken Satay<\/p>\n<p><strong>Desserts:<\/strong><br \/>\n\u0e21\u0e34\u0e19\u0e34\u0e04\u0e23\u0e35\u0e21\u0e1a\u0e25\u0e39\u0e40\u0e25\u0e48 \/ Mini Cr\u00e8me Br\u00fbl\u00e9e<br \/>\n\u0e17\u0e32\u0e23\u0e4c\u0e40\u0e25\u0e47\u0e15\u0e1c\u0e25\u0e44\u0e21\u0e49\u0e0a\u0e19\u0e34\u0e14\u0e15\u0e48\u0e32\u0e07\u0e46 \/ Assorted Fruit Tartlets[\/vc_column_text][\/vc_column_inner][vc_column_inner width=&#8221;1\/2&#8243;][vc_empty_space]<div class=\"qode-advanced-image-gallery  qode-aig-slider-type qode-no-space   \">\n\t<div class=\"qode-aig-slider qode-owl-slider\" data-number-of-items=\"1\" data-enable-loop=\"yes\" data-enable-autoplay=\"yes\" data-slider-speed=\"5000\" data-slider-speed-animation=\"600\" data-slider-padding=\"no\" data-enable-navigation=\"no\" data-enable-pagination=\"no\">\n\t\t\t\t\t<div class=\"qode-aig-image\">\n\t\t\t\t\t\t\t\t\t<img loading=\"lazy\" decoding=\"async\" width=\"800\" height=\"960\" src=\"https:\/\/ncccatering.com\/wp-content\/uploads\/2020\/01\/Cocktail-800x960-DD.jpg\" class=\"attachment-full size-full\" alt=\"\" srcset=\"https:\/\/ncccatering.com\/wp-content\/uploads\/2020\/01\/Cocktail-800x960-DD.jpg 800w, https:\/\/ncccatering.com\/wp-content\/uploads\/2020\/01\/Cocktail-800x960-DD-250x300.jpg 250w, https:\/\/ncccatering.com\/wp-content\/uploads\/2020\/01\/Cocktail-800x960-DD-768x922.jpg 768w, https:\/\/ncccatering.com\/wp-content\/uploads\/2020\/01\/Cocktail-800x960-DD-700x840.jpg 700w\" sizes=\"(max-width: 800px) 100vw, 800px\" \/>\t\t\t\t\t<span class=\"aig-gallery-hover\">\n\t\t\t\t\t\t\t\t\t\t\t<\/span>\n\t\t\t\t\t\t\t<\/div>\n\t\t\t\t\t<div class=\"qode-aig-image\">\n\t\t\t\t\t\t\t\t\t<img loading=\"lazy\" decoding=\"async\" width=\"800\" height=\"960\" src=\"https:\/\/ncccatering.com\/wp-content\/uploads\/2020\/01\/Cocktail-800x960-F.jpg\" class=\"attachment-full size-full\" alt=\"\" srcset=\"https:\/\/ncccatering.com\/wp-content\/uploads\/2020\/01\/Cocktail-800x960-F.jpg 800w, https:\/\/ncccatering.com\/wp-content\/uploads\/2020\/01\/Cocktail-800x960-F-250x300.jpg 250w, https:\/\/ncccatering.com\/wp-content\/uploads\/2020\/01\/Cocktail-800x960-F-768x922.jpg 768w, https:\/\/ncccatering.com\/wp-content\/uploads\/2020\/01\/Cocktail-800x960-F-700x840.jpg 700w\" sizes=\"(max-width: 800px) 100vw, 800px\" \/>\t\t\t\t\t<span class=\"aig-gallery-hover\">\n\t\t\t\t\t\t\t\t\t\t\t<\/span>\n\t\t\t\t\t\t\t<\/div>\n\t\t\t\t\t<div class=\"qode-aig-image\">\n\t\t\t\t\t\t\t\t\t<img loading=\"lazy\" decoding=\"async\" width=\"800\" height=\"960\" src=\"https:\/\/ncccatering.com\/wp-content\/uploads\/2020\/01\/Cocktail-800x960-AA.jpg\" class=\"attachment-full size-full\" alt=\"\" srcset=\"https:\/\/ncccatering.com\/wp-content\/uploads\/2020\/01\/Cocktail-800x960-AA.jpg 800w, https:\/\/ncccatering.com\/wp-content\/uploads\/2020\/01\/Cocktail-800x960-AA-250x300.jpg 250w, https:\/\/ncccatering.com\/wp-content\/uploads\/2020\/01\/Cocktail-800x960-AA-768x922.jpg 768w, https:\/\/ncccatering.com\/wp-content\/uploads\/2020\/01\/Cocktail-800x960-AA-700x840.jpg 700w\" sizes=\"(max-width: 800px) 100vw, 800px\" \/>\t\t\t\t\t<span class=\"aig-gallery-hover\">\n\t\t\t\t\t\t\t\t\t\t\t<\/span>\n\t\t\t\t\t\t\t<\/div>\n\t\t\t<\/div>\n<\/div>[vc_empty_space][vc_column_text]<\/p>\n<h3 style=\"text-align: center;\">Gold Package<\/h3>\n<h3 style=\"text-align: center;\">Cocktail \u0e2d\u0e32\u0e2b\u0e32\u0e23\u0e19\u0e32\u0e19\u0e32\u0e0a\u0e32\u0e15\u0e34 Menu B<\/h3>\n<p>[\/vc_column_text][vc_empty_space height=&#8221;13px&#8221;][vc_single_image image=&#8221;390&#8243; img_size=&#8221;full&#8221; alignment=&#8221;center&#8221; qode_css_animation=&#8221;&#8221;][vc_empty_space height=&#8221;17px&#8221;][vc_column_text css=&#8221;.vc_custom_1580286925515{padding-right: 20px !important;padding-left: 20px !important;}&#8221;]<strong>Cold Canape\u2019s:<\/strong><br \/>\n\u0e41\u0e0b\u0e25\u0e21\u0e2d\u0e19\u0e23\u0e21\u0e04\u0e27\u0e31\u0e19\u0e01\u0e31\u0e1a\u0e44\u0e02\u0e48\u0e01\u0e38\u0e49\u0e07 \/ Smoked Salmon with Shrimp Roe<br \/>\n\u0e01\u0e38\u0e49\u0e07\u0e21\u0e49\u0e27\u0e19\u0e01\u0e31\u0e1a\u0e21\u0e32\u0e22\u0e2d\u0e07\u0e40\u0e19\u0e2a \/ Marinated Shrimp Roll with Mayonnaise<\/p>\n<p><strong>Hot Canape\u2019s:<\/strong><br \/>\n\u0e44\u0e01\u0e48\u0e0a\u0e35\u0e2a\u0e01\u0e2d\u0e23\u0e4c\u0e14\u0e2d\u0e19\u0e01\u0e31\u0e1a\u0e21\u0e32\u0e22\u0e2d\u0e07\u0e40\u0e19\u0e2a\u0e21\u0e31\u0e2a\u0e15\u0e32\u0e23\u0e4c\u0e14\u2028 \/ Chicken Cheese Cordon Blue with Mustard Mayonnaise<br \/>\n\u0e21\u0e34\u0e19\u0e34\u0e1e\u0e34\u0e2a\u0e0b\u0e48\u0e32\u0e40\u0e1b\u0e47\u0e1b\u0e40\u0e1b\u0e2d\u0e23\u0e4c\u0e42\u0e23\u0e19\u0e35 \/ Mini Pepperoni, Black Olives and Sun Dried Tomato Pizzas<br \/>\n\u0e44\u0e01\u0e48\u0e1a\u0e32\u0e23\u0e4c\u0e1a\u0e35\u0e04\u0e34\u0e27\u0e01\u0e31\u0e1a\u0e40\u0e1e\u0e23\u0e2a\u0e42\u0e15\u0e49 \/ Barbecued Marinaise Chicken with Pesto Dip<\/p>\n<p><strong>Desserts:<\/strong><br \/>\n\u0e21\u0e34\u0e19\u0e34\u0e04\u0e23\u0e35\u0e21\u0e1a\u0e25\u0e39\u0e40\u0e25\u0e48 \/ Mini Cr\u00e8me Br\u00fbl\u00e9e<br \/>\n\u0e1c\u0e25\u0e44\u0e21\u0e49\u0e15\u0e32\u0e21\u0e24\u0e14\u0e39\u0e01\u0e32\u0e25 \/ Assorted Sliced Tropical Fresh Fruits[\/vc_column_text][\/vc_column_inner][\/vc_row_inner][\/vc_column][\/vc_row][vc_row css_animation=&#8221;&#8221; row_type=&#8221;row&#8221; use_row_as_full_screen_section=&#8221;no&#8221; type=&#8221;full_width&#8221; angled_section=&#8221;no&#8221; text_align=&#8221;center&#8221; background_image_as_pattern=&#8221;without_pattern&#8221; css=&#8221;.vc_custom_1580469584847{background-image: url(https:\/\/ncccatering.com\/wp-content\/uploads\/2020\/01\/BG-50-Titel-Cocktail-1920&#215;1080-D.jpg?id=1441) !important;}&#8221; z_index=&#8221;3&#8243;][vc_column][qode_elements_holder number_of_columns=&#8221;one_column&#8221;][qode_elements_holder_item advanced_animations=&#8221;no&#8221; item_padding=&#8221;210px 0 420px 0&#8243;][vc_column_text]<\/p>\n<h1><span style=\"color: #ffffff;\">\u0e1e\u0e23\u0e49\u0e2d\u0e21\u0e1a\u0e23\u0e34\u0e01\u0e32\u0e23\u0e04\u0e38\u0e13\u0e43\u0e19\u0e17\u0e38\u0e01\u0e07\u0e32\u0e19\u0e2a\u0e33\u0e04\u0e31\u0e0d<\/span><\/h1>\n<p>[\/vc_column_text][vc_empty_space height=&#8221;28px&#8221;][vc_column_text]<\/p>\n<h4><span style=\"color: #ffffff;\">\u0e1c\u0e39\u0e49\u0e19\u0e33\u0e1a\u0e23\u0e34\u0e01\u0e32\u0e23\u0e08\u0e31\u0e14\u0e40\u0e25\u0e35\u0e49\u0e22\u0e07\u0e17\u0e38\u0e01\u0e23\u0e39\u0e1b\u0e41\u0e1a\u0e1a \u0e43\u0e19\u0e2a\u0e44\u0e15\u0e25\u0e4c\u0e40\u0e09\u0e1e\u0e32\u0e30\u0e04\u0e38\u0e13 \u0e01\u0e32\u0e23\u0e31\u0e19\u0e15\u0e23\u0e35\u0e04\u0e38\u0e13\u0e20\u0e32\u0e1e \u0e21\u0e32\u0e15\u0e23\u0e10\u0e32\u0e19\u0e23\u0e30\u0e14\u0e31\u0e1a\u0e2a\u0e32\u0e01\u0e25<br \/>\n\u0e22\u0e34\u0e19\u0e14\u0e35\u0e43\u0e2b\u0e49\u0e04\u0e33\u0e1b\u0e23\u0e36\u0e01\u0e29\u0e32\u0e1e\u0e23\u0e49\u0e2d\u0e21\u0e1a\u0e23\u0e34\u0e01\u0e32\u0e23\u0e2a\u0e33\u0e2b\u0e23\u0e31\u0e1a\u0e07\u0e32\u0e19\u0e2a\u0e33\u0e04\u0e31\u0e0d\u0e02\u0e2d\u0e07\u0e04\u0e38\u0e13<\/span><\/h4>\n<p>[\/vc_column_text][vc_empty_space height=&#8221;28px&#8221;]<a  itemprop=\"url\" href=\"https:\/\/ncccatering.com\/contact-us\/\" target=\"_self\"  class=\"qbutton  default\" style=\"\">Get In Touch<\/a>[\/qode_elements_holder_item][\/qode_elements_holder][\/vc_column][\/vc_row]<\/p>\n","protected":false},"excerpt":{"rendered":"<p>[vc_row css_animation=&#8221;&#8221; row_type&#8230;<\/p>\n","protected":false},"author":1,"featured_media":0,"parent":1778,"menu_order":3,"comment_status":"closed","ping_status":"closed","template":"full_width.php","meta":{"footnotes":""},"_links":{"self":[{"href":"https:\/\/ncccatering.com\/th\/wp-json\/wp\/v2\/pages\/1772"}],"collection":[{"href":"https:\/\/ncccatering.com\/th\/wp-json\/wp\/v2\/pages"}],"about":[{"href":"https:\/\/ncccatering.com\/th\/wp-json\/wp\/v2\/types\/page"}],"author":[{"embeddable":true,"href":"https:\/\/ncccatering.com\/th\/wp-json\/wp\/v2\/users\/1"}],"replies":[{"embeddable":true,"href":"https:\/\/ncccatering.com\/th\/wp-json\/wp\/v2\/comments?post=1772"}],"version-history":[{"count":1,"href":"https:\/\/ncccatering.com\/th\/wp-json\/wp\/v2\/pages\/1772\/revisions"}],"predecessor-version":[{"id":1783,"href":"https:\/\/ncccatering.com\/th\/wp-json\/wp\/v2\/pages\/1772\/revisions\/1783"}],"up":[{"embeddable":true,"href":"https:\/\/ncccatering.com\/th\/wp-json\/wp\/v2\/pages\/1778"}],"wp:attachment":[{"href":"https:\/\/ncccatering.com\/th\/wp-json\/wp\/v2\/media?parent=1772"}],"curies":[{"name":"wp","href":"https:\/\/api.w.org\/{rel}","templated":true}]}}